{"id":23,"date":"2024-09-17T12:57:25","date_gmt":"2024-09-17T15:57:25","guid":{"rendered":"https:\/\/zamanartesanal.com.br\/?page_id=23"},"modified":"2024-10-01T12:38:29","modified_gmt":"2024-10-01T15:38:29","slug":"esg","status":"publish","type":"page","link":"http:\/\/zamanartesanal.com.br\/?page_id=23","title":{"rendered":"ESG"},"content":{"rendered":"\t\t<div data-elementor-type=\"wp-page\" data-elementor-id=\"23\" class=\"elementor elementor-23\">\n\t\t\t\t<div class=\"elementor-element elementor-element-3c39bc1 e-flex e-con-boxed e-con e-parent\" data-id=\"3c39bc1\" data-element_type=\"container\">\n\t\t\t\t\t<div class=\"e-con-inner\">\n\t\t\t\t<div class=\"elementor-element elementor-element-3e81f6e elementor-widget elementor-widget-heading\" data-id=\"3e81f6e\" data-element_type=\"widget\" data-widget_type=\"heading.default\">\n\t\t\t\t<div class=\"elementor-widget-container\">\n\t\t\t<h2 class=\"elementor-heading-title elementor-size-default\">ESG - Meio ambiente, Social e Governan\u00e7a<\/h2>\t\t<\/div>\n\t\t\t\t<\/div>\n\t\t\t\t<div class=\"elementor-element elementor-element-9bd9eeb elementor-widget__width-initial elementor-widget elementor-widget-image\" data-id=\"9bd9eeb\" data-element_type=\"widget\" data-widget_type=\"image.default\">\n\t\t\t\t<div class=\"elementor-widget-container\">\n\t\t\t\t\t\t\t\t\t\t\t\t\t<img fetchpriority=\"high\" decoding=\"async\" width=\"699\" height=\"467\" src=\"http:\/\/zamanartesanal.com.br\/wp-content\/uploads\/2024\/10\/ESG-.jpg\" class=\"attachment-full size-full wp-image-231\" alt=\"ESG\" srcset=\"http:\/\/zamanartesanal.com.br\/wp-content\/uploads\/2024\/10\/ESG-.jpg 699w, http:\/\/zamanartesanal.com.br\/wp-content\/uploads\/2024\/10\/ESG--300x200.jpg 300w, http:\/\/zamanartesanal.com.br\/wp-content\/uploads\/2024\/10\/ESG--600x401.jpg 600w\" sizes=\"(max-width: 699px) 100vw, 699px\" \/>\t\t\t\t\t\t\t\t\t\t\t\t\t<\/div>\n\t\t\t\t<\/div>\n\t\t\t\t<div class=\"elementor-element elementor-element-4003d7f elementor-widget elementor-widget-text-editor\" data-id=\"4003d7f\" data-element_type=\"widget\" data-widget_type=\"text-editor.default\">\n\t\t\t\t<div class=\"elementor-widget-container\">\n\t\t\t\t\t\t\t<p><!-- wp:paragraph --><\/p><p>A Sigla ESG (do Ingl\u00eas &#8220;Environmental, Social and Governance&#8221;) carrega um conjunto de regras e a\u00e7\u00f5es que as empresas precisam implementar para assegurar uma vida agora e para as gera\u00e7\u00f5es futuras com melhor qualidade. Pois como temos observado diariamente as altera\u00e7\u00f5es que temos vivido em nossas cidades, com frio, calor, pouco chuva, muita chuva, citando apenas algumas das altera\u00e7\u00f5es que temos vivido.<\/p><p><!-- \/wp:paragraph --> <!-- wp:paragraph --><\/p><p><strong>O Pacto Global da ONU<\/strong><\/p><p><!-- \/wp:paragraph --> <!-- wp:paragraph --><\/p><p>Iniciativa da ONU de ades\u00e3o volunt\u00e1ria que se baseia em compromissos assumidos pelos CEO\u2019s das empresas participantes para implementar princ\u00edpios universais de sustentabilidade e tomar medidas que apoiem o alcance dos Objetivos de Desenvolvimento Sustent\u00e1vel (ODS)<\/p><p><!-- \/wp:paragraph --> <!-- wp:paragraph --><\/p><p><strong>Onde a Zaman se encaixa neste contexto<\/strong><\/p><p><!-- \/wp:paragraph --> <!-- wp:paragraph --><\/p><p>Somos uma empresa produtora de alimentos com zero adi\u00e7\u00e3o de a\u00e7\u00facar em todos os seus produtos.<\/p><p><!-- \/wp:paragraph --> <!-- wp:paragraph --><\/p><p>Temos o orgulho de levar para os nossos consumidores, produtos elaborados com mat\u00e9ria prima de primeira qualidade e sem a utiliza\u00e7\u00e3o de a\u00e7\u00facares ou ado\u00e7antes artificiais.<\/p><p><!-- \/wp:paragraph --> <!-- wp:paragraph --><\/p><p>Permitindo que qualquer pessoa possa consumir nossos produtos e com a garantia que n\u00e3o est\u00e3o ingerindo a\u00e7\u00facar refinado ou ado\u00e7antes artificiais.<\/p><p><!-- \/wp:paragraph --> <!-- wp:paragraph --><\/p><p>Na composi\u00e7\u00e3o dos nossos produtos utilizamos apenas fibras e prote\u00ednas vegetais para criar uma linha de produtos saud\u00e1veis e naturalmente gostosos para o consumo.<\/p><p><!-- \/wp:paragraph --> <!-- wp:paragraph --><\/p><p><strong>Meio ambiente:<\/strong><\/p><p><!-- \/wp:paragraph --> <!-- wp:paragraph --><\/p><p>Nossa linha de produ\u00e7\u00e3o n\u00e3o gera nenhum tipo de res\u00edduo s\u00f3lido ou de qualquer outra natureza, n\u00e3o sendo necess\u00e1rio nenhum tipo de tratamento especial para o descarte.<\/p><p><!-- \/wp:paragraph --> <!-- wp:paragraph --><\/p><p>Nossa linha de doces de frutas, geram apenas res\u00edduos de cascas e sementes que s\u00e3o reaproveitados para compostagem e produ\u00e7\u00e3o de adubo org\u00e2nico.<\/p><p><!-- \/wp:paragraph --> <!-- wp:paragraph --><\/p><p>Nossa linha de doces de leite, 100% dos produtos utilizados s\u00e3o convertidos em doce, n\u00e3o gerando nenhum tipo de desperd\u00edcio ou necessidade de descarte na rede de esgoto.<\/p><p><!-- \/wp:paragraph --> <!-- wp:paragraph --><\/p><p>Todas as embalagens dos produtos recebidos s\u00e3o devidamente separadas e entregues para reciclagem, gerando renda para fam\u00edlias de baixa renda.<\/p><p><!-- \/wp:paragraph --> <!-- wp:paragraph --><\/p><p><strong>Social<\/strong><\/p><p><!-- \/wp:paragraph --> <!-- wp:paragraph --><\/p><p>Al\u00e9m do benef\u00edcio do consumo dos nossos produtos, mantemos a\u00e7\u00f5es permanentes na \u00e1rea social, sendo elas:<\/p><p><!-- \/wp:paragraph --> <!-- wp:list {\"ordered\":true} --><\/p><ol class=\"wp-block-list\"><!-- wp:list-item --><li>Apoio financeiro ao Hospital do GRAACC;<\/li><!-- \/wp:list-item --> <!-- wp:list-item --><li>Destina\u00e7\u00e3o das embalagens recicl\u00e1veis para Cooperativa de catadores, gerando renda para trabalhadores deste segmento;<\/li><!-- \/wp:list-item --> <!-- wp:list-item --><li>Trabalho com Venda Direta, para gera\u00e7\u00e3o extra de renda.<\/li><!-- \/wp:list-item --><\/ol><p><!-- \/wp:list --> <!-- wp:paragraph --><\/p><p><strong>Governan\u00e7a<\/strong><\/p><p><!-- \/wp:paragraph --> <!-- wp:paragraph --><\/p><p>Todas as nossas a\u00e7\u00f5es s\u00e3o acompanhadas pela alta dire\u00e7\u00e3o da empresa e divulgadas periodicamente em nossos canais de comunica\u00e7\u00e3o, trazendo transpar\u00eancia para todos os agentes envolvidos \u2013 Clientes, Comunidade, Funcion\u00e1rios, Fornecedores e Acionistas.<\/p><p><!-- \/wp:paragraph --> <!-- wp:paragraph --><\/p><p><strong>Pesquisa e Desenvolvimento \u2013 P&amp;D<\/strong><\/p><p><!-- \/wp:paragraph --> <!-- wp:paragraph --><\/p><p>Trazer inova\u00e7\u00e3o em alimentos \u00e9 um tema muito relevante para a Equipe da Zaman, com isto, estamos permanentemente investindo em pesquisa e desenvolvimento e principalmente ouvindo nossos parceiros de neg\u00f3cio, clientes e a sociedade m\u00e9dica e nutricional para aprimorarmos nossos produtos.<\/p><p><!-- \/wp:paragraph --> <!-- wp:paragraph --><\/p><p>Vivemos numa sociedade que tem como base a utiliza\u00e7\u00e3o do a\u00e7\u00facar refinado como padr\u00e3o de dul\u00e7or e refer\u00eancia de sabor.<\/p><p><!-- \/wp:paragraph --> <!-- wp:paragraph --><\/p><p>Nosso objetivo enquanto empresa, n\u00e3o \u00e9 o de demonizar o seu uso, mas trazer para nossos clientes uma op\u00e7\u00e3o saud\u00e1vel e consciente de consumo.<\/p><p><!-- \/wp:paragraph --> <!-- wp:paragraph --><\/p><p>Mostrando que com pesquisa e desenvolvimento, podemos desenvolver produtos saud\u00e1veis, saborosos e sustent\u00e1veis.<\/p><p><!-- \/wp:paragraph --> <!-- wp:paragraph --><\/p><p><strong>Qualidade dos nossos processos<\/strong><\/p><p><!-- \/wp:paragraph --> <!-- wp:paragraph --><\/p><p>Para garantir a qualidade dos nossos produtos, precisamos al\u00e9m de pesquisas constantes, implementar bases s\u00f3lidas e processos consistentes.<\/p><p><!-- \/wp:paragraph --> <!-- wp:paragraph --><\/p><p>Para tanto, estamos nos preparando para as seguintes certifica\u00e7\u00f5es internacionais de refer\u00eancia de mercado:<\/p><p><!-- \/wp:paragraph --> <!-- wp:list {\"ordered\":true} --><\/p><ol class=\"wp-block-list\"><!-- wp:list-item --><li>FSSC 22000 \u2013 norma internacional de qualidade de produ\u00e7\u00e3o de alimentos, reconhecida mundialmente, baseada na ISO 22000;<\/li><!-- \/wp:list-item --> <!-- wp:list-item --><li>Selo B de sustentabilidade e boas pr\u00e1ticas para com o meio ambiente.<\/li><!-- \/wp:list-item --><\/ol><p><!-- \/wp:list --><\/p>\t\t\t\t\t\t<\/div>\n\t\t\t\t<\/div>\n\t\t\t\t\t<\/div>\n\t\t\t\t<\/div>\n\t\t\t\t<\/div>\n\t\t","protected":false},"excerpt":{"rendered":"<p>ESG &#8211; Meio ambiente, Social e Governan\u00e7a A Sigla ESG (do Ingl\u00eas &#8220;Environmental, Social and Governance&#8221;) carrega um conjunto de regras e a\u00e7\u00f5es que as empresas precisam implementar para assegurar uma vida agora e para as gera\u00e7\u00f5es futuras com melhor qualidade. Pois como temos observado diariamente as altera\u00e7\u00f5es que temos vivido em nossas cidades, com [&hellip;]<\/p>\n","protected":false},"author":1,"featured_media":0,"parent":0,"menu_order":0,"comment_status":"closed","ping_status":"closed","template":"elementor_header_footer","meta":{"footnotes":""},"class_list":["post-23","page","type-page","status-publish","hentry"],"_links":{"self":[{"href":"http:\/\/zamanartesanal.com.br\/index.php?rest_route=\/wp\/v2\/pages\/23","targetHints":{"allow":["GET"]}}],"collection":[{"href":"http:\/\/zamanartesanal.com.br\/index.php?rest_route=\/wp\/v2\/pages"}],"about":[{"href":"http:\/\/zamanartesanal.com.br\/index.php?rest_route=\/wp\/v2\/types\/page"}],"author":[{"embeddable":true,"href":"http:\/\/zamanartesanal.com.br\/index.php?rest_route=\/wp\/v2\/users\/1"}],"replies":[{"embeddable":true,"href":"http:\/\/zamanartesanal.com.br\/index.php?rest_route=%2Fwp%2Fv2%2Fcomments&post=23"}],"version-history":[{"count":6,"href":"http:\/\/zamanartesanal.com.br\/index.php?rest_route=\/wp\/v2\/pages\/23\/revisions"}],"predecessor-version":[{"id":238,"href":"http:\/\/zamanartesanal.com.br\/index.php?rest_route=\/wp\/v2\/pages\/23\/revisions\/238"}],"wp:attachment":[{"href":"http:\/\/zamanartesanal.com.br\/index.php?rest_route=%2Fwp%2Fv2%2Fmedia&parent=23"}],"curies":[{"name":"wp","href":"https:\/\/api.w.org\/{rel}","templated":true}]}}